{"id":27,"date":"2024-03-26T08:09:38","date_gmt":"2024-03-26T08:09:38","guid":{"rendered":"https:\/\/mediabucuresti.ro\/?page_id=27"},"modified":"2024-06-03T10:33:40","modified_gmt":"2024-06-03T10:33:40","slug":"rve-bucuresti","status":"publish","type":"page","link":"https:\/\/mediabucuresti.ro\/index.php\/rve-bucuresti\/","title":{"rendered":"RVE Bucure\u0219ti"},"content":{"rendered":"<p>Radio Vocea Evangheliei Bucure\u0219ti este un post de radio cre\u0219tin care emite pe frecven\u021ba de 94.2 FM din 17 aprilie 1994, la \u00eenceput doar dou\u0103 ore \u00een fiecare zi, iar din 16 iunie 1997 \u015fi p\u00e2n\u0103 \u00een prezent, RVE Bucure\u015fti emite \u015fase ore pe zi, de la 13:00 la 19:00 \u0219i non-stop pe internet.<\/p>\n<p>RVE Bucure\u0219ti face parte dintr-o re\u021bea care cuprinde zece sta\u021bii locale care emit in FM: Bucure\u0219ti (94.2 Mhz), Bra\u0219ov (94.6Mhz.), Cluj (88.3Mhz), Constan\u021ba (104.4), Hunedoara (98.00 Mhz), Oradea (92.1Mhz), Sibiu (89.4 Mhz), Suceava (102.7Mhz), Timi\u0219oara (92,2Mhz), Moldova Nou\u0103 (106.6Mhz).<\/p>\n<p>Radio Vocea Evangheliei este proprietatea celor trei culte evanghelice din Romania: Cultul Cre\u015ftin Baptist, Cultul Cre\u0219tin dupa Evanghelie \u0219i Cultul Cre\u0219tin Penticostal, (Alian\u021ba Evanghelic\u0103 Romania ). Coordonarea administrativa a re\u021belei Radio Vocea Evangheliei se face de la Sediul Central din Bucure\u0219ti. Acesta asigura interfa\u021ba re\u021belei cu autorita\u021bile si coordoneaz\u0103 activita\u021bile editoriale \u0219i financiare ale re\u021belei. Activitatea Sediului Central este coordonat\u0103 de directorul general al RVE dl. Daniel Grigoriciuc. Acesta se subordoneaza Adunarii Generale a Asociatilor (AGA) a Radio Vocea Evangheliei. AGA reprezint\u0103 proprietarii radioului \u0219i instan\u021ba suprem\u0103 decizional\u0103 in RVE. AGA este alcatuit\u0103 din c\u00e2te trei reprezentan\u021bi ai fiec\u0103ruia din cele trei culte evanghelice asociate.<\/p>\n<p>Fiecare sta\u021bie locala este sus\u021binuta de un Comitet Local Radio (CLR), alc\u0103tuit din reprezentan\u021bi ai bisericilor locale. Rolul CLR-ului este de a mobilizeza resurse umane si materiale prin bisericile locale, pentru a sprijini si orienta activitatea radio.<\/p>\n<p>Comitetul Local Radio Bucure\u0219ti este format din:<\/p>\n<p>Constantin Ghioanc\u0103, Pre\u0219edinte CLR<br \/>\nEliezer M\u0103ce\u0219aru, Vicepre\u0219edinte CLR<br \/>\nNicu Oros, Secretar CLR<br \/>\nMihail Ciupa\u0219iu<br \/>\nCostel Gr\u0103mad\u0103<br \/>\nCristian Titiri\u0219c\u0103<br \/>\nIoan Bochian<br \/>\nBeniamin Mogo\u0219<br \/>\nDaniel Mercioniu<br \/>\nActivitatea local\u0103 \u0219i responsabilitatea editorial\u0103 a RVE Bucure\u0219ti revin lui Cristian Matei.<\/p>\n<p>Scopul Radio Vocea Evangheliei Bucure\u0219ti este s\u0103 \u00eemplineasc\u0103 Marea Trimitere, conform versetelor din Matei 28:19-20, prin intermediul undelor radio.<\/p>\n<p>\u201dDuce\u0163i-v\u0103 \u015fi face\u0163i ucenici din toate neamurile, botez\u00e2ndu-i \u00een Numele Tat\u0103lui \u015fi al Fiului, \u015fi al Sf\u00e2ntului Duh. \u015ei \u00eenv\u0103\u0163a\u0163i-i s\u0103 p\u0103zeasc\u0103 tot ce v-am poruncit. \u015ei iat\u0103 c\u0103 Eu sunt cu voi \u00een toate zilele, p\u00e2n\u0103 la sf\u00e2r\u015fitul veacului.\u201d (Matei 28:19-20)<\/p>\n<p>Prioritatea RVE Bucure\u0219ti este s\u0103 comunice Evanghelia, Vestea Bun\u0103 a \u00eemp\u0103c\u0103rii omului cu Dumnezeu prin credin\u0163a \u00een jertfa salvatoare a M\u00e2ntuitorului Isus Hristos, Fiul lui Dumnezeu. Aceast\u0103 credin\u0163\u0103 are ca rezultat na\u0219terea din nou \u0219i procesul sfin\u0163irii, adic\u0103 tr\u0103irea prin c\u0103l\u0103uzirea Duhului Sf\u00e2nt, \u015fi n\u0103dejdea \u00een via\u0163a ve\u015fnic\u0103.<\/p>\n<p>Radio Vocea Evangheliei Bucure\u0219ti \u015fi-a propus, de asemenea, s\u0103 contribuie la dezvoltarea spiritual\u0103, moral\u0103 \u015fi cultural\u0103 a societ\u0103\u0163ii prin promovarea valorilor eterne ale Bibliei, Cuv\u00e2ntul lui Dumnezeu, colabor\u00e2nd cu confesiuni \u015fi organiza\u0163ii cre\u015ftine \u015fi difuz\u00e2nd ceea ce este esen\u0163ial \u00een cre\u015ftinism.<\/p>\n<p>Pentru informa\u021bii suplimentare \u0219i contact accesa\u021bi: <a href=\"https:\/\/rvebucuresti.ro\">https:\/\/rvebucuresti.ro<\/a><\/p>\n","protected":false},"excerpt":{"rendered":"<p>Radio Vocea Evangheliei Bucure\u0219ti este un post de radio cre\u0219tin care emite pe frecven\u021ba de&#8230;<\/p>\n","protected":false},"author":2,"featured_media":0,"parent":0,"menu_order":0,"comment_status":"closed","ping_status":"closed","template":"","meta":{"footnotes":""},"class_list":["post-27","page","type-page","status-publish","hentry"],"jetpack_sharing_enabled":true,"_links":{"self":[{"href":"https:\/\/mediabucuresti.ro\/index.php\/wp-json\/wp\/v2\/pages\/27","targetHints":{"allow":["GET"]}}],"collection":[{"href":"https:\/\/mediabucuresti.ro\/index.php\/wp-json\/wp\/v2\/pages"}],"about":[{"href":"https:\/\/mediabucuresti.ro\/index.php\/wp-json\/wp\/v2\/types\/page"}],"author":[{"embeddable":true,"href":"https:\/\/mediabucuresti.ro\/index.php\/wp-json\/wp\/v2\/users\/2"}],"replies":[{"embeddable":true,"href":"https:\/\/mediabucuresti.ro\/index.php\/wp-json\/wp\/v2\/comments?post=27"}],"version-history":[{"count":5,"href":"https:\/\/mediabucuresti.ro\/index.php\/wp-json\/wp\/v2\/pages\/27\/revisions"}],"predecessor-version":[{"id":84,"href":"https:\/\/mediabucuresti.ro\/index.php\/wp-json\/wp\/v2\/pages\/27\/revisions\/84"}],"wp:attachment":[{"href":"https:\/\/mediabucuresti.ro\/index.php\/wp-json\/wp\/v2\/media?parent=27"}],"curies":[{"name":"wp","href":"https:\/\/api.w.org\/{rel}","templated":true}]}}