{"id":29,"date":"2024-03-26T08:10:04","date_gmt":"2024-03-26T08:10:04","guid":{"rendered":"https:\/\/mediabucuresti.ro\/?page_id=29"},"modified":"2024-06-04T14:41:49","modified_gmt":"2024-06-04T14:41:49","slug":"cross-one-radio","status":"publish","type":"page","link":"https:\/\/mediabucuresti.ro\/index.php\/cross-one-radio\/","title":{"rendered":"Cross One Radio"},"content":{"rendered":"<p><img loading=\"lazy\" decoding=\"async\" class=\"alignnone size-medium wp-image-102\" src=\"https:\/\/mediabucuresti.ro\/wp-content\/uploads\/2024\/06\/1-300x225.jpeg\" alt=\"echipa_cross_one_radio\" width=\"300\" height=\"225\" srcset=\"https:\/\/mediabucuresti.ro\/wp-content\/uploads\/2024\/06\/1-300x225.jpeg 300w, https:\/\/mediabucuresti.ro\/wp-content\/uploads\/2024\/06\/1-1024x768.jpeg 1024w, https:\/\/mediabucuresti.ro\/wp-content\/uploads\/2024\/06\/1-768x576.jpeg 768w, https:\/\/mediabucuresti.ro\/wp-content\/uploads\/2024\/06\/1-1536x1152.jpeg 1536w, https:\/\/mediabucuresti.ro\/wp-content\/uploads\/2024\/06\/1-2048x1536.jpeg 2048w\" sizes=\"auto, (max-width: 300px) 100vw, 300px\" \/><img loading=\"lazy\" decoding=\"async\" class=\"alignnone size-medium wp-image-111\" src=\"https:\/\/mediabucuresti.ro\/wp-content\/uploads\/2024\/06\/echipa_cross_one_radio-300x225.jpeg\" alt=\"echipa_cross_one_radio\" width=\"300\" height=\"225\" srcset=\"https:\/\/mediabucuresti.ro\/wp-content\/uploads\/2024\/06\/echipa_cross_one_radio-300x225.jpeg 300w, https:\/\/mediabucuresti.ro\/wp-content\/uploads\/2024\/06\/echipa_cross_one_radio-1024x768.jpeg 1024w, https:\/\/mediabucuresti.ro\/wp-content\/uploads\/2024\/06\/echipa_cross_one_radio-768x576.jpeg 768w, https:\/\/mediabucuresti.ro\/wp-content\/uploads\/2024\/06\/echipa_cross_one_radio-1536x1152.jpeg 1536w, https:\/\/mediabucuresti.ro\/wp-content\/uploads\/2024\/06\/echipa_cross_one_radio-2048x1536.jpeg 2048w\" sizes=\"auto, (max-width: 300px) 100vw, 300px\" \/><img loading=\"lazy\" decoding=\"async\" class=\" wp-image-113 alignnone\" src=\"https:\/\/mediabucuresti.ro\/wp-content\/uploads\/2024\/06\/echipa_extinsa_cross_one_radio-300x169.jpg\" alt=\"echipa_extinsa_cross_one_radio\" width=\"345\" height=\"195\" srcset=\"https:\/\/mediabucuresti.ro\/wp-content\/uploads\/2024\/06\/echipa_extinsa_cross_one_radio-300x169.jpg 300w, https:\/\/mediabucuresti.ro\/wp-content\/uploads\/2024\/06\/echipa_extinsa_cross_one_radio-1024x576.jpg 1024w, https:\/\/mediabucuresti.ro\/wp-content\/uploads\/2024\/06\/echipa_extinsa_cross_one_radio-768x432.jpg 768w, https:\/\/mediabucuresti.ro\/wp-content\/uploads\/2024\/06\/echipa_extinsa_cross_one_radio-1536x864.jpg 1536w, https:\/\/mediabucuresti.ro\/wp-content\/uploads\/2024\/06\/echipa_extinsa_cross_one_radio-2048x1152.jpg 2048w\" sizes=\"auto, (max-width: 345px) 100vw, 345px\" \/><\/p>\n<p>Cross One este un radio online cre\u0219tin care ofer\u0103 muzic\u0103 cre\u0219tin\u0103 nou\u0103, o mare varietate de emisiuni \u0219i podcasturi live sau \u00eenregistrate \u00een studioul nostru, articole \u0219i \u0219tiri din actualitatea cre\u0219tin\u0103 intern\u0103 \u0219i interna\u021bional\u0103.<\/p>\n<p>Suntem o echip\u0103 t\u00e2n\u0103r\u0103 care dore\u0219te s\u0103 duc\u0103 mesajul Evangheliei \u00eentr-o form\u0103 relevant\u0103 pentru t\u00e2n\u0103ra genera\u021bie.<\/p>\n<p>https:\/\/www.crossone.ro\/<\/p>\n<p>https:\/\/www.youtube.com\/@crossoneradio<\/p>\n<p>https:\/\/www.instagram.com\/crossoneradio\/<\/p>\n<p>&nbsp;<\/p>\n<blockquote class=\"wp-embedded-content\" data-secret=\"DOThBCqeZV\"><p><a href=\"https:\/\/www.crossone.ro\/contact\/\">Contact<\/a><\/p><\/blockquote>\n<p><iframe loading=\"lazy\" class=\"wp-embedded-content\" sandbox=\"allow-scripts\" security=\"restricted\" style=\"position: absolute; clip: rect(1px, 1px, 1px, 1px);\" title=\"&#8220;Contact&#8221; &#8212; Cross One Radio\" src=\"https:\/\/www.crossone.ro\/contact\/embed\/#?secret=09mL5ccS6x#?secret=DOThBCqeZV\" data-secret=\"DOThBCqeZV\" width=\"600\" height=\"338\" frameborder=\"0\" marginwidth=\"0\" marginheight=\"0\" scrolling=\"no\"><\/iframe><\/p>\n","protected":false},"excerpt":{"rendered":"<p>Cross One este un radio online cre\u0219tin care ofer\u0103 muzic\u0103 cre\u0219tin\u0103 nou\u0103, o mare varietate&#8230;<\/p>\n","protected":false},"author":2,"featured_media":117,"parent":0,"menu_order":0,"comment_status":"closed","ping_status":"closed","template":"","meta":{"footnotes":""},"class_list":["post-29","page","type-page","status-publish","has-post-thumbnail","hentry"],"jetpack_sharing_enabled":true,"_links":{"self":[{"href":"https:\/\/mediabucuresti.ro\/index.php\/wp-json\/wp\/v2\/pages\/29","targetHints":{"allow":["GET"]}}],"collection":[{"href":"https:\/\/mediabucuresti.ro\/index.php\/wp-json\/wp\/v2\/pages"}],"about":[{"href":"https:\/\/mediabucuresti.ro\/index.php\/wp-json\/wp\/v2\/types\/page"}],"author":[{"embeddable":true,"href":"https:\/\/mediabucuresti.ro\/index.php\/wp-json\/wp\/v2\/users\/2"}],"replies":[{"embeddable":true,"href":"https:\/\/mediabucuresti.ro\/index.php\/wp-json\/wp\/v2\/comments?post=29"}],"version-history":[{"count":14,"href":"https:\/\/mediabucuresti.ro\/index.php\/wp-json\/wp\/v2\/pages\/29\/revisions"}],"predecessor-version":[{"id":120,"href":"https:\/\/mediabucuresti.ro\/index.php\/wp-json\/wp\/v2\/pages\/29\/revisions\/120"}],"wp:featuredmedia":[{"embeddable":true,"href":"https:\/\/mediabucuresti.ro\/index.php\/wp-json\/wp\/v2\/media\/117"}],"wp:attachment":[{"href":"https:\/\/mediabucuresti.ro\/index.php\/wp-json\/wp\/v2\/media?parent=29"}],"curies":[{"name":"wp","href":"https:\/\/api.w.org\/{rel}","templated":true}]}}